{"id":9,"date":"2008-02-12T23:33:49","date_gmt":"2008-02-12T22:33:49","guid":{"rendered":"http:\/\/localhost:8000\/?page_id=9"},"modified":"2022-05-26T09:26:32","modified_gmt":"2022-05-26T07:26:32","slug":"team","status":"publish","type":"page","link":"https:\/\/monarchs.tv\/?page_id=9","title":{"rendered":"Team"},"content":{"rendered":"\n<p><em>Februar 2008<\/em><\/p>\n\n\n\n<p><strong>1. Beschreibt doch bitte mal das Projekt &#8222;Radio Monarchs&#8220;. Was ist euer Hauptanliegen?<\/strong><\/p>\n\n\n\n<p><em>Christian:<\/em> \u201eRadio Monarchs\u201c ist ein reines Fanprojekt. Die meisten von uns stehen zwar dem Verein sehr nahe und sind auch Mitglied, aber als Radio sind wir unabh\u00e4ngig. Wir wollen mit den Live\u00fcbertragungen allen die M\u00f6glichkeit geben, n\u00e4her an den Spielen der Dresden Monarchs dran zu sein. Dabei helfen uns die Monarchs nach Kr\u00e4ften. Dort, wo herk\u00f6mmliche Medien nicht berichten, ist \u201eRadio Monarchs\u201c zur Stelle \u2013 und das seit 2003!<\/p>\n\n\n\n<p><em>Thomas:<\/em> Wir sind ein Projekt, dass allen Fans, Freunden und Interessenten der Dresden Monarchs und des American Football allgemein, die Spiele der Dresden Monarchs mit der Stimme von uns Fans live \u00fcbertr\u00e4gt. Wir versuchen dabei den schwierigen Spagat zwischen objektiver Kommentierung des Geschehens und der, aus Sicht eines Monarchs-Fans.<\/p>\n\n\n\n<p><strong>2. Wie ist das Selbstverst\u00e4ndnis des Radioteams?<\/strong><\/p>\n\n\n\n<p><em>Christian:<\/em> Aus dem Ursprung des Projekts erkl\u00e4rt sich auch das Selbstverst\u00e4ndnis. Wir machen die \u00dcbertragungen komplett ehrenamtlich, sind daf\u00fcr Jahr f\u00fcr Jahr tausende Kilometer auf den Autobahnen unterwegs und bewerkstelligen alles aus eigener Kraft. Nat\u00fcrlich wollen wir uns an journalistischen Ma\u00dfst\u00e4ben orientieren, aber wir sind keine Journalisten. Zu unserem Selbstverst\u00e4ndnis geh\u00f6rt es, dass wir nat\u00fcrlich f\u00fcr unser Team kommentieren, dass wir aber nicht kritiklos alles durch eine Monarchs-Brille sehen. Ebenso geh\u00f6rt es f\u00fcr uns dazu, auch umfassend auf die jeweiligen Gegner einzugehen. Umgekehrt sind wir auch jederzeit f\u00fcr Kritik und Anregungen offen.<\/p>\n\n\n\n<p><strong>3. Gibt es irgendwelche Ver\u00e4nderungen\/Neuerungen bei den \u00dcbertragungen diese Saison?<\/strong><\/p>\n\n\n\n<p><em>Christian:<\/em> Neuerungen gibt es nicht wirklich. Wir versuchen bei all unseren Dingen besser zu werden \u2013 bei der Aktualit\u00e4t der Homepage, bei den \u00dcbertragungen und nat\u00fcrlich auch beim Video-R\u00fcckblick, f\u00fcr den insbesondere Matthias eine Menge Zeit nach Spielschluss investiert.<\/p>\n\n\n\n<p><em>Thomas:<\/em> Bis auf unsere neue Facebook-Gruppe gibt es keine Neuerungen aber auch keine Abstriche in Sachen Qualit\u00e4t und Service. In diesem Zusammenhang sei wieder einmal die tolle Arbeit unseres Technik-Gurus Matthias gelobt, ohne den es beispielweise unsere Video-R\u00fcckblicke niemals g\u00e4be.<\/p>\n\n\n\n<p><strong>4. Wie sieht die Radio-Situation in der gesamten GFL zur Zeit aus?<\/strong><\/p>\n\n\n\n<p><em>Christian:<\/em> Feste Teams arbeiten in Braunschweig und Kiel. Zu beiden bestehen seit Jahren freundschaftliche Kontakte. Das Team von \u201eGFL Radio\u201c (Fighti und Tasso) k\u00fcmmert sich in diesem Jahr vor allem um den GFL-S\u00fcden und weitere Events, wie beispielsweise die EM im Juli.<br>Andere Webradios \u2013 wie zum Beispiel das der Berlin Adler \u2013 sind ganz schnell wieder verschwunden. Man braucht nicht nur ein eilig gedrucktes T-Shirt und einen x-beliebigen Webradio-Macher, um Football-Webradio zu machen. Dazu geh\u00f6rt auch Leidenschaft und vor allem die Liebe zum Spiel. Das haben zum Gl\u00fcck die Adler ganz schnell gemerkt und diese Leute aus dem Verkehr gezogen.<\/p>\n\n\n\n<p class=\"has-text-align-right\"><\/p>\n","protected":false},"excerpt":{"rendered":"<p>Februar 2008 1. Beschreibt doch bitte mal das Projekt &#8222;Radio Monarchs&#8220;. Was ist euer Hauptanliegen? Christian: \u201eRadio Monarchs\u201c ist ein reines Fanprojekt. Die meisten von uns stehen zwar dem Verein &#8230;<\/p>\n","protected":false},"author":1,"featured_media":0,"parent":0,"menu_order":2,"comment_status":"closed","ping_status":"open","template":"","meta":{"footnotes":""},"class_list":["post-9","page","type-page","status-publish","hentry"],"_links":{"self":[{"href":"https:\/\/monarchs.tv\/index.php?rest_route=\/wp\/v2\/pages\/9","targetHints":{"allow":["GET"]}}],"collection":[{"href":"https:\/\/monarchs.tv\/index.php?rest_route=\/wp\/v2\/pages"}],"about":[{"href":"https:\/\/monarchs.tv\/index.php?rest_route=\/wp\/v2\/types\/page"}],"author":[{"embeddable":true,"href":"https:\/\/monarchs.tv\/index.php?rest_route=\/wp\/v2\/users\/1"}],"replies":[{"embeddable":true,"href":"https:\/\/monarchs.tv\/index.php?rest_route=%2Fwp%2Fv2%2Fcomments&post=9"}],"version-history":[{"count":4,"href":"https:\/\/monarchs.tv\/index.php?rest_route=\/wp\/v2\/pages\/9\/revisions"}],"predecessor-version":[{"id":2654,"href":"https:\/\/monarchs.tv\/index.php?rest_route=\/wp\/v2\/pages\/9\/revisions\/2654"}],"wp:attachment":[{"href":"https:\/\/monarchs.tv\/index.php?rest_route=%2Fwp%2Fv2%2Fmedia&parent=9"}],"curies":[{"name":"wp","href":"https:\/\/api.w.org\/{rel}","templated":true}]}}